{"id":480,"date":"2022-01-30T15:23:58","date_gmt":"2022-01-30T13:23:58","guid":{"rendered":"https:\/\/admob.ro\/?page_id=480"},"modified":"2022-01-30T15:39:34","modified_gmt":"2022-01-30T13:39:34","slug":"servicii-24-24-h7-7-zile","status":"publish","type":"page","link":"https:\/\/admob.ro\/index.php\/servicii-24-24-h7-7-zile\/","title":{"rendered":"Mentenan\u021b\u0103 non stop"},"content":{"rendered":"\n<figure class=\"wp-block-image size-full\"><img loading=\"lazy\" decoding=\"async\" width=\"370\" height=\"245\" src=\"https:\/\/admob.ro\/wp-content\/uploads\/2021\/06\/our-services2.jpg\" alt=\"CONTABILITATE SI RESURSE UMANE\" class=\"wp-image-236\" srcset=\"https:\/\/admob.ro\/wp-content\/uploads\/2021\/06\/our-services2.jpg 370w, https:\/\/admob.ro\/wp-content\/uploads\/2021\/06\/our-services2-300x199.jpg 300w\" sizes=\"auto, (max-width: 370px) 100vw, 370px\" \/><figcaption>Servicii 24\/24,7\/7<\/figcaption><\/figure>\n\n\n\n<p class=\"has-medium-font-size\" style=\"font-style:italic;font-weight:100\">Firma noastr\u0103 ofer\u0103 servicii profesionale de mentenan\u021b\u0103 preventiv\u0103, predictiv\u0103 \u0219i corectiv\u0103 pentru sisteme \u0219i instala\u021bii care asigur\u0103 func\u021bionalitatea cl\u0103dirilor  pentru orice tip de imobil sau de cl\u0103dire av\u00e2nd orice destina\u021bie, fie ca sunt  cl\u0103diri de birouri, sedii de firme, spatii comerciale, magazine sau re\u021bele de magazine, clinici private, cabinete medicale individuale, b\u0103nci, spitale, farmacii, scoli, gr\u0103dini\u021be private, ambasade, blocuri de locuin\u021be, ansambluri reziden\u021biale, funda\u021bii, depozite, hale industriale, persoane fizice at\u00e2t pe raza municipiului Bucure\u0219ti c\u00e2t \u0219i \u00een jude\u021bul Ilfov.<\/p>\n\n\n\n<p class=\"has-medium-font-size\" style=\"font-style:italic;font-weight:100\">Oferim o gam\u0103 larg\u0103 de servicii, cu echipe la punct fix sau mobile, destinate \u00eentre\u021binerii cl\u0103dirilor \u0219i echipamentelor care asigur\u0103 func\u021bionarea unei cl\u0103diri, adaptate nevoilor \u0219i activit\u0103\u021bii clien\u021bilor, conforme cu cerin\u021bele legislative, predictibile, planificate, controlabile \u0219i m\u0103surabile.<\/p>\n\n\n\n<p class=\"has-medium-font-size\" style=\"font-style:italic;font-weight:100\">Un avantaj semnificativ al solu\u021biilor oferite \u00eel reprezint\u0103 parteneriatele strategice pe care le avem cu produc\u0103tori renumi\u021bi de echipamente, care ne permit s\u0103 oferim solu\u021bii personalizate \u0219i servicii rapide \u0219i calitative, adecvate modului de func\u021bionare a echipamentelor.<\/p>\n\n\n\n<p class=\"has-medium-font-size\" style=\"font-style:italic;font-weight:100\">Asiguram servicii de mentenan\u021b\u0103 pe baza de contract:<br>\u2013 cu plata unui abonament lunar<br>\u2013 cu plata pentru fiecare interventie<\/p>\n\n\n\n<p class=\"has-medium-font-size\" style=\"font-style:italic;font-weight:100\">Avantajele \u00eencheierii unui contract de mentenan\u021b\u0103 cu firma noastr\u0103:<br>\u2013 experien\u021b\u0103<br>\u2013 profesionalism<br>\u2013 promptitudine<br>\u2013 seriozitate<br>\u2013 timp necesar pentru interven\u021bie (60-120 minute)<br>\u2013 posibilitatea solicit\u0103rii de servicii non-stop 24\/24 h, 7\/7 zile\/s\u0103pt\u0103m\u00e2na, 365 zile\/an<br>\u2013 garan\u021bia unor lucr\u0103ri bine executate<br>\u2013 costuri reduse<\/p>\n\n\n\n<p class=\"has-medium-font-size\" style=\"font-style:italic;font-weight:100\">Executam in Bucuresti pentru firme urmatoarele servicii:<br>\u2013 servicii de intretinere tehnica cladiri<br>\u2013 servicii de mentenanta instalatii electrice, sanitare, termice, climatizare<br>\u2013 lucrari de amenajari interioare si exterioare, renovari, zugraveli, gresie, faianta, rigips<br>\u2013 reparatii usi, ferestre<br>\u2013 reparatii mobilier<br>\u2013 servicii deszapezire<\/p>\n\n\n\n<p class=\"has-medium-font-size\" style=\"font-style:italic;font-weight:100\">Serviciile noastre de mentenanta se adreseaza in special societatilor comerciale care nu dispun de personal propriu de intretinere.<br>Prin abonamentele de mentenanta incheiate cu firma noastra scapati de grija de a cauta de urgenta un electrician sau un instalator atunci cand aveti o defectiune sau o avarie la sediul dvs si aveti certitudinea ca in cel mai scurt timp posibil ne vom deplasa pentru a solutiona problema aparuta.<br>.<\/p>\n","protected":false},"excerpt":{"rendered":"<p>Firma noastr\u0103 ofer\u0103 servicii profesionale de mentenan\u021b\u0103 preventiv\u0103, predictiv\u0103 \u0219i corectiv\u0103 pentru sisteme \u0219i instala\u021bii care asigur\u0103 func\u021bionalitatea cl\u0103dirilor pentru orice tip de imobil sau de cl\u0103dire av\u00e2nd orice destina\u021bie, fie ca sunt cl\u0103diri de birouri, sedii de firme, spatii comerciale, magazine sau re\u021bele de magazine, clinici private, cabinete medicale individuale, b\u0103nci, spitale, farmacii, scoli, &hellip; <\/p>\n<p class=\"link-more\"><a href=\"https:\/\/admob.ro\/index.php\/servicii-24-24-h7-7-zile\/\" class=\"more-link\">Continue reading<span class=\"screen-reader-text\"> &#8222;Mentenan\u021b\u0103 non stop&#8221;<\/span><\/a><\/p>\n","protected":false},"author":1,"featured_media":236,"parent":0,"menu_order":0,"comment_status":"closed","ping_status":"closed","template":"","meta":{"_regular_price":[],"currency_symbol":[],"footnotes":""},"class_list":["post-480","page","type-page","status-publish","has-post-thumbnail","hentry"],"post_slider_layout_featured_media_urls":{"thumbnail":["https:\/\/admob.ro\/wp-content\/uploads\/2021\/06\/our-services2-150x150.jpg",150,150,true],"post_slider_layout_landscape_large":["https:\/\/admob.ro\/wp-content\/uploads\/2021\/06\/our-services2.jpg",370,245,false],"post_slider_layout_portrait_large":["https:\/\/admob.ro\/wp-content\/uploads\/2021\/06\/our-services2.jpg",370,245,false],"post_slider_layout_square_large":["https:\/\/admob.ro\/wp-content\/uploads\/2021\/06\/our-services2.jpg",370,245,false],"post_slider_layout_landscape":["https:\/\/admob.ro\/wp-content\/uploads\/2021\/06\/our-services2.jpg",370,245,false],"post_slider_layout_portrait":["https:\/\/admob.ro\/wp-content\/uploads\/2021\/06\/our-services2.jpg",370,245,false],"post_slider_layout_square":["https:\/\/admob.ro\/wp-content\/uploads\/2021\/06\/our-services2.jpg",370,245,false],"full":["https:\/\/admob.ro\/wp-content\/uploads\/2021\/06\/our-services2.jpg",370,245,false]},"_links":{"self":[{"href":"https:\/\/admob.ro\/index.php\/wp-json\/wp\/v2\/pages\/480","targetHints":{"allow":["GET"]}}],"collection":[{"href":"https:\/\/admob.ro\/index.php\/wp-json\/wp\/v2\/pages"}],"about":[{"href":"https:\/\/admob.ro\/index.php\/wp-json\/wp\/v2\/types\/page"}],"author":[{"embeddable":true,"href":"https:\/\/admob.ro\/index.php\/wp-json\/wp\/v2\/users\/1"}],"replies":[{"embeddable":true,"href":"https:\/\/admob.ro\/index.php\/wp-json\/wp\/v2\/comments?post=480"}],"version-history":[{"count":6,"href":"https:\/\/admob.ro\/index.php\/wp-json\/wp\/v2\/pages\/480\/revisions"}],"predecessor-version":[{"id":490,"href":"https:\/\/admob.ro\/index.php\/wp-json\/wp\/v2\/pages\/480\/revisions\/490"}],"wp:featuredmedia":[{"embeddable":true,"href":"https:\/\/admob.ro\/index.php\/wp-json\/wp\/v2\/media\/236"}],"wp:attachment":[{"href":"https:\/\/admob.ro\/index.php\/wp-json\/wp\/v2\/media?parent=480"}],"curies":[{"name":"wp","href":"https:\/\/api.w.org\/{rel}","templated":true}]}}